{"id":1542,"date":"2014-09-17T10:00:29","date_gmt":"2014-09-17T13:00:29","guid":{"rendered":"http:\/\/admin-canais.cancaonova.com\/liturgia\/?page_id=1542"},"modified":"2019-09-26T11:01:49","modified_gmt":"2019-09-26T14:01:49","slug":"aplicativo-liturgia-diaria-cancao-nova","status":"publish","type":"page","link":"https:\/\/liturgia.cancaonova.com\/pb\/aplicativo-liturgia-diaria-cancao-nova\/","title":{"rendered":"Aplicativo Liturgia Di\u00e1ria Can\u00e7\u00e3o Nova"},"content":{"rendered":"","protected":false},"excerpt":{"rendered":"","protected":false},"author":13,"featured_media":0,"parent":0,"menu_order":0,"comment_status":"closed","ping_status":"closed","template":"onecolumn-page.php","meta":{"_mi_skip_tracking":false,"_monsterinsights_sitenote_active":false,"_monsterinsights_sitenote_note":"","_monsterinsights_sitenote_category":0,"footnotes":""},"_links":{"self":[{"href":"https:\/\/liturgia.cancaonova.com\/pb\/wp-json\/wp\/v2\/pages\/1542"}],"collection":[{"href":"https:\/\/liturgia.cancaonova.com\/pb\/wp-json\/wp\/v2\/pages"}],"about":[{"href":"https:\/\/liturgia.cancaonova.com\/pb\/wp-json\/wp\/v2\/types\/page"}],"author":[{"embeddable":true,"href":"https:\/\/liturgia.cancaonova.com\/pb\/wp-json\/wp\/v2\/users\/13"}],"replies":[{"embeddable":true,"href":"https:\/\/liturgia.cancaonova.com\/pb\/wp-json\/wp\/v2\/comments?post=1542"}],"version-history":[{"count":17,"href":"https:\/\/liturgia.cancaonova.com\/pb\/wp-json\/wp\/v2\/pages\/1542\/revisions"}],"predecessor-version":[{"id":10478,"href":"https:\/\/liturgia.cancaonova.com\/pb\/wp-json\/wp\/v2\/pages\/1542\/revisions\/10478"}],"wp:attachment":[{"href":"https:\/\/liturgia.cancaonova.com\/pb\/wp-json\/wp\/v2\/media?parent=1542"}],"curies":[{"name":"wp","href":"https:\/\/api.w.org\/{rel}","templated":true}]}}